{"id":4596,"date":"2019-11-05T14:54:30","date_gmt":"2019-11-05T13:54:30","guid":{"rendered":"https:\/\/alexandredeschaumes.com\/a-propos\/"},"modified":"2021-11-15T21:40:38","modified_gmt":"2021-11-15T20:40:38","slug":"a-propos","status":"publish","type":"page","link":"https:\/\/www.alexandredeschaumes.com\/en\/a-propos\/","title":{"rendered":"About"},"content":{"rendered":"<hr class=\"taz_separator\" data-not-visible=\"1\" style=\"margin-top: 17.5rem; margin-bottom: 17.5rem;\">\n\n\n<div class=\"wp-block-columns is-layout-flex wp-container-core-columns-is-layout-9d6595d7 wp-block-columns-is-layout-flex\">\n<div class=\"wp-block-column is-layout-flow wp-block-column-is-layout-flow\" style=\"flex-basis:66.66%\">\n<p class=\"has-drop-cap\">Alexandre is a self-taught professional photographer and musician, immersed in an authentic and personal search for poetic atmospheres of the wilderness. The most important thing is the emotional connection that transports us to the heart of his subjects through the atmosphere that emanates from them.<\/p>\n\n\n\n<p><\/p>\n\n\n\n<p>Always in search of inspiration, he invites us to share his ethereal journey.<\/p>\n\n\n\n<div style=\"height:25px\" aria-hidden=\"true\" class=\"wp-block-spacer\"><\/div>\n\n\n\n<h5 class=\"has-text-align-center wp-block-heading\">The Journey<\/h5>\n\n\n\n<blockquote class=\"wp-block-quote is-layout-flow wp-block-quote-is-layout-flow\"><p>An ethereal atmosphere is the one that allows the reverie and the evocation. from its interpretation, it takes us beyond the subject itself. The kingdom of our imaginary worlds. <\/p><\/blockquote>\n\n\n\n<div style=\"height:1px\" aria-hidden=\"true\" class=\"wp-block-spacer\"><\/div>\n\n\n\n<p>I began my quest in the 2000's as a sort of powerful inner call, shaped by a double-edged hypersensitivity. Also a musician-composer, I think these creative impulses have been the main elements of comfort and resilience on my path. To compensate for a recurring pain in finding a place in this world as it is.<\/p>\n\n\n\n<p>Transforming these emotions into some form of beauty has become ... Primordial.<\/p>\n\n\n\n<p>Among all things, Atmosphere is guiding me\u2026 Always.<\/p>\n\n\n\n<p>Because it is there where the Emotion is born. The one that connects us, the one that makes the subject alive, and vibrant through our eyes.<\/p>\n\n\n\n<div style=\"height:25px\" aria-hidden=\"true\" class=\"wp-block-spacer\"><\/div>\n\n\n\n<p>I have been living from my creations and sharing since 2010.<\/p>\n\n\n\n<p>And I am infinitely grateful to have been able to inspire people through my visions, my sharing in photo workshops since 2008, my lectures, in the film \"the quest for inspiration\" (2012), in my book \"Ethereal journey\" (2016).<\/p>\n\n\n<hr class=\"taz_separator\" data-not-visible=\"1\" style=\"margin-top: 3rem; margin-bottom: 3rem;\">\n\n\n<div style=\"height:25px\" aria-hidden=\"true\" class=\"wp-block-spacer\"><\/div>\n\n\n\n<h5 class=\"has-text-align-center wp-block-heading\">Clients<\/h5>\n\n\n\n<figure class=\"taz_figure\" data-availability=\"high\" data-canzoom=\"\" data-item-id=\"4136\" data-module=\"image\">\n\t<div class=\"taz_layouter\"><span class=\"taz_imageNoLink\"><span class=\"taz_imageWrapper taz_roundedStyle\"><img decoding=\"async\" class=\"taz_image\" alt=\"Clients_Logos\" src=\"\/wordpress\/wp-content\/themes\/AlexandreDeschaumes\/DevKit\/inc\/taz_imagePlaceholder.php?width=633&height=653&color=transparent\" data-src=\"\/wordpress\/wp-content\/uploads\/Clients_Logos.png\" title=\"Clients_Logos\"><\/span><\/span>\n\t\t<img decoding=\"async\" class=\"taz_item-frame\" src=\"\/wordpress\/wp-content\/themes\/AlexandreDeschaumes\/DevKit\/inc\/taz_imagePlaceholder.php?width=633&height=653&color=%23FFFFFF00\"> \n\t<\/div>\n<\/figure><\/div>\n\n\n\n<div class=\"wp-block-column is-layout-flow wp-block-column-is-layout-flow\" style=\"flex-basis:33.33%\">\n<figure class=\"taz_figure\" data-availability=\"not\" data-canzoom=\"\" data-item-id=\"3424\" data-module=\"image\">\n\t<div class=\"taz_layouter\"><span class=\"taz_imageNoLink\"><span class=\"taz_imageWrapper taz_shadow taz_roundedStyle\"><img decoding=\"async\" class=\"taz_image\" alt=\"Alexandre Deschaumes Patagonie 2014 - Photographie de Xavier Lequarre\" src=\"\/wordpress\/wp-content\/themes\/AlexandreDeschaumes\/DevKit\/inc\/taz_imagePlaceholder.php?width=1000&height=1440&color=\" data-src=\"\/wordpress\/wp-content\/uploads\/deschaumes.jpg\" title=\"Alexandre Deschaumes Patagonie 2014 - Photographie de Xavier Lequarre\"><\/span><\/span>\n\t\t<img decoding=\"async\" class=\"taz_item-frame\" src=\"\/wordpress\/wp-content\/themes\/AlexandreDeschaumes\/DevKit\/inc\/taz_imagePlaceholder.php?width=1000&height=1440&color=%23FFFFFF00\"> \n\t<\/div>\n<\/figure>\n\n<hr class=\"taz_separator\" style=\"margin-top: 3rem; margin-bottom: 3rem; border-style: solid; border-width: 1px; max-width: 50%;\">\n\n\n<p class=\"has-text-align-center\">Alexandre Deschaumes<\/p>\n\n\n\n<div class=\"wp-block-columns is-layout-flex wp-container-core-columns-is-layout-9d6595d7 wp-block-columns-is-layout-flex\">\n<div class=\"wp-block-column taz_center is-layout-flow wp-block-column-is-layout-flow\">\n<div class=\"taz_icon\" data-align=\"inline\" data-context=\"default\" data-has-link=\"1\" data-icon-size=\"small\" data-inline-text=\"\" style=\"padding: 0.75rem;\" data-style=\"\" data-text-size=\"default\">\n\t<div class=\"taz_layouter\" style=\"padding: 0.75rem;\"><i class=\"fab fa-facebook-square\" aria-hidden=\"true\"><\/i><a class=\"taz_icon-link\" href=\"https:\/\/www.facebook.com\/alexandre.deschaumes.photographies\" target=\"_blank\"><\/a>\n\t<\/div>\n<\/div>\n\n\n<div class=\"taz_icon\" data-align=\"inline\" data-context=\"default\" data-has-link=\"1\" data-icon-size=\"small\" data-inline-text=\"\" style=\"padding: 0.75rem;\" data-style=\"\" data-text-size=\"default\">\n\t<div class=\"taz_layouter\" style=\"padding: 0.75rem;\"><i class=\"fab fa-instagram-square\" aria-hidden=\"true\"><\/i><a class=\"taz_icon-link\" href=\"https:\/\/www.instagram.com\/alexandre_deschaumes\/\" target=\"_blank\"><\/a>\n\t<\/div>\n<\/div>\n\n\n<div class=\"taz_icon\" data-align=\"inline\" data-context=\"default\" data-has-link=\"1\" data-icon-size=\"small\" data-inline-text=\"\" style=\"padding: 0.75rem;\" data-style=\"\" data-text-size=\"default\">\n\t<div class=\"taz_layouter\" style=\"padding: 0.75rem;\"><i class=\"fab fa-youtube-square\" aria-hidden=\"true\"><\/i><a class=\"taz_icon-link\" href=\"https:\/\/www.youtube.com\/channel\/UCx5V7iDSPnwFGMYO-61npcQ\" target=\"_blank\"><\/a>\n\t<\/div>\n<\/div><\/div>\n<\/div>\n\n\n\n<div class=\"taz_icon\" data-align=\"left\" data-context=\"default\" data-icon-size=\"extrasmall\" data-inline-text=\"1\" style=\"padding: 3px;\" data-style=\"\" data-text-size=\"small\">\n\t<div class=\"taz_layouter\" style=\"padding: 3px;\"><i class=\"fab fa-whatsapp\" aria-hidden=\"true\"><\/i><div class=\"taz_icon-texts\"><p>+33 (0)6 12 32 26 17<\/p>\n<\/div>\n\t<\/div>\n<\/div>\n\n\n<div class=\"taz_icon\" data-align=\"left\" data-context=\"default\" data-icon-size=\"extrasmall\" data-inline-text=\"1\" style=\"padding: 3px;\" data-style=\"\" data-text-size=\"small\">\n\t<div class=\"taz_layouter\" style=\"padding: 3px;\"><i class=\"far fa-envelope-open\" aria-hidden=\"true\"><\/i><div class=\"taz_icon-texts\"><p>alexandre.deschaumes@gmail.com<\/p>\n<\/div>\n\t<\/div>\n<\/div>\n\n\n<div class=\"taz_icon\" data-align=\"left\" data-context=\"default\" data-icon-size=\"extrasmall\" data-inline-text=\"1\" style=\"padding: 3px;\" data-style=\"\" data-text-size=\"small\">\n\t<div class=\"taz_layouter\" style=\"padding: 3px;\"><i class=\"fas fa-map-marker-alt\" aria-hidden=\"true\"><\/i><div class=\"taz_icon-texts\"><p>Sallanches, Haute-Savoie, France<\/p>\n<\/div>\n\t<\/div>\n<\/div>\n\n<hr class=\"taz_separator\" data-not-visible=\"1\" style=\"margin-top: 3rem; margin-bottom: 3rem;\">\n\n<div class=\"frm_forms  with_frm_style frm_style_style-formidable\" id=\"frm_form_5_container\" data-token=\"ac945f70f86c5790c8255416ffff48fe\">\n<form enctype=\"multipart\/form-data\" method=\"post\" class=\"frm-show-form  frm_js_validate  frm_ajax_submit  frm_pro_form \" id=\"form_contact\" data-token=\"ac945f70f86c5790c8255416ffff48fe\">\n<div class=\"frm_form_fields \">\n<fieldset>\n<legend class=\"frm_screen_reader\">Contact<\/legend>\r\n\r\n<div class=\"frm_fields_container\">\n<input type=\"hidden\" name=\"frm_action\" value=\"create\" \/>\n<input type=\"hidden\" name=\"form_id\" value=\"5\" \/>\n<input type=\"hidden\" name=\"frm_hide_fields_5\" id=\"frm_hide_fields_5\" value=\"\" \/>\n<input type=\"hidden\" name=\"form_key\" value=\"contact\" \/>\n<input type=\"hidden\" name=\"item_meta[0]\" value=\"\" \/>\n<input type=\"hidden\" id=\"frm_submit_entry_5\" name=\"frm_submit_entry_5\" value=\"59e276dbfb\" \/><input type=\"hidden\" name=\"_wp_http_referer\" value=\"\/en\/wp-json\/wp\/v2\/pages\/4596\" \/><div id=\"frm_field_46_container\" class=\"frm_form_field form-field  frm_required_field frm_top_container frm_full\">\r\n    <label for=\"field_hhtlp\" id=\"field_hhtlp_label\" class=\"frm_primary_label\">Nom\r\n        <span class=\"frm_required\">*<\/span>\r\n    <\/label>\r\n    <input  type=\"text\" id=\"field_hhtlp\" name=\"item_meta[46]\" value=\"\"  data-reqmsg=\"Ce champ ne peut pas \u00eatre vide\" aria-required=\"true\" data-invmsg=\"Text is invalid\" aria-invalid=\"false\"   \/>\r\n    \r\n    \r\n<\/div>\n<div id=\"frm_field_47_container\" class=\"frm_form_field form-field  frm_required_field frm_top_container frm_full\">\r\n    <label for=\"field_4paya\" id=\"field_4paya_label\" class=\"frm_primary_label\">Pr\u00e9nom\r\n        <span class=\"frm_required\">*<\/span>\r\n    <\/label>\r\n    <input  type=\"text\" id=\"field_4paya\" name=\"item_meta[47]\" value=\"\"  data-reqmsg=\"Ce champ ne peut pas \u00eatre vide\" aria-required=\"true\" data-invmsg=\"Text is invalid\" aria-invalid=\"false\"   \/>\r\n    \r\n    \r\n<\/div>\n<div id=\"frm_field_48_container\" class=\"frm_form_field form-field  frm_required_field frm_top_container frm_first frm_half\">\r\n    <label for=\"field_g90j1\" id=\"field_g90j1_label\" class=\"frm_primary_label\">E-mail\r\n        <span class=\"frm_required\">*<\/span>\r\n    <\/label>\r\n    <input type=\"email\" id=\"field_g90j1\" name=\"item_meta[48]\" value=\"\"  style=\"width:100%\" data-reqmsg=\"Ce champ ne peut pas \u00eatre vide\" aria-required=\"true\" data-invmsg=\"Email is invalid\" class=\"auto_width\" aria-invalid=\"false\"  \/>\r\n    \r\n    \r\n<\/div>\n<div id=\"frm_field_conf_48_container\" class=\"frm_form_field frm_hidden_container frm_conf_field form-field  frm_required_field frm_top_container  frm6\">\r\n    <label for=\"field_conf_g90j1\" id=\"field_conf_g90j1_label\" class=\"frm_conf_label frm_primary_label\">Confirm E-mail\r\n        <span class=\"frm_required\">*<\/span>\r\n    <\/label>\r\n    <input type=\"email\" id=\"field_conf_g90j1\" name=\"item_meta[conf_48]\" value=\"\"  style=\"width:100%\" placeholder=\"Confirmer e-mail\" data-reqmsg=\"Ce champ ne peut pas \u00eatre vide\" aria-required=\"true\" data-confmsg=\"The entered values do not match\" data-invmsg=\"Email is invalid\" class=\"auto_width\" aria-invalid=\"false\"  \/>\r\n    \r\n    \r\n<\/div>\n<div id=\"frm_field_161_container\" class=\"frm_form_field form-field  frm_required_field frm_top_container frm_full frm_other_container\">\n    <label for=\"field_o192d\" id=\"field_o192d_label\" class=\"frm_primary_label\">Raison de votre contact\n        <span class=\"frm_required\" aria-hidden=\"true\">*<\/span>\n    <\/label>\n    \t\t<select name=\"item_meta[161]\" id=\"field_o192d\"  data-frmval=\"generale\" data-reqmsg=\"Ce champ ne peut pas \u00eatre vide\" aria-required=\"true\" data-invmsg=\"Raison de votre contact is invalid\" aria-invalid=\"false\"  >\n\t\t<option  value=\"generale\" selected='selected'>G\u00e9n\u00e9rale<\/option><option  value=\"stages\">Stages<\/option><option  value=\"Autre\" class=\"frm_other_trigger\">Autre<\/option>\t<\/select>\n\t<label for=\"field_o192d-otext\" class=\"frm_screen_reader frm_hidden\">Raison de votre contact<\/label><input type=\"text\" id=\"field_o192d-otext\" class=\"frm_other_input frm_pos_none\"  name=\"item_meta[other][161]\" value=\"\" \/>\n    \n    \n<\/div>\n<div id=\"frm_field_162_container\" class=\"frm_form_field form-field  frm_required_field frm_top_container frm_full\">\n    <label for=\"field_conaf\" id=\"field_conaf_label\" class=\"frm_primary_label\">Stages\n        <span class=\"frm_required\" aria-hidden=\"true\">*<\/span>\n    <\/label>\n    \t\t<select name=\"item_meta[162]\" id=\"field_conaf\"  data-reqmsg=\"Ce champ ne peut pas \u00eatre vide\" aria-required=\"true\" data-invmsg=\"Stages is invalid\" aria-invalid=\"false\"  >\n\t\t<option  value=\"\" selected='selected'> <\/option><option  value=\"en_conscience_haut_giffre_07_2024\">Stage &quot;En Conscience&quot; Haut-Giffre 8-14 Juillet 2024<\/option><option  value=\"en_conscience_claree_10_2024\">Stage &quot;En Conscience&quot; Vall\u00e9e de la Clar\u00e9e 19-25 Octobre 2024<\/option><option  value=\"ecosse_10_2024\">Stage Ecosse 28 Octobre - 4 Novembre 2024<\/option><option  value=\"hivernal_02_2025\">Stage hivernal 3 f\u00e9vrier - 9 f\u00e9vrier 2025<\/option><option  value=\"Patagonie\">Patagonie - Avril 2025<\/option><option  value=\"priv\u00e9\">Stage Priv\u00e9<\/option>\t<\/select>\n\t\n    \n    \n<\/div>\n<div id=\"frm_field_49_container\" class=\"frm_form_field form-field  frm_required_field frm_top_container frm_full\">\r\n    <label for=\"field_mjb95\" id=\"field_mjb95_label\" class=\"frm_primary_label\">Votre message\r\n        <span class=\"frm_required\">*<\/span>\r\n    <\/label>\r\n    <textarea name=\"item_meta[49]\" id=\"field_mjb95\" rows=\"5\"  data-reqmsg=\"Ce champ ne peut pas \u00eatre vide\" aria-required=\"true\" data-invmsg=\"Votre message is invalid\" aria-invalid=\"false\"  ><\/textarea>\r\n    \r\n    \r\n<\/div>\n\t<input type=\"hidden\" name=\"item_key\" value=\"\" \/>\n\t\t\t<div id=\"frm_field_186_container\">\n\t\t\t<label for=\"field_9dv7q\"  style=\"display:none;\">\n\t\t\t\tIf you are human, leave this field blank.\t\t\t<\/label>\n\t\t\t<input  id=\"field_9dv7q\" type=\"text\" class=\"frm_form_field form-field frm_verify\" name=\"item_meta[186]\" value=\"\"  style=\"display:none;\" \/>\n\t\t<\/div>\n\t\t<input name=\"frm_state\" type=\"hidden\" value=\"5YZ+NEJC1v1TEU47F83Gr5F7c\/79fxzFLwC4YJ1joHHDmyV0Kb0v+5B0PvPp2PYJ\" \/><div class=\"frm_submit\">\r\n\r\n<button class=\"frm_button_submit frm_final_submit taz_button\" data-context=\"default\" data-style=\"inverted\" data-size=\"default\" type=\"submit\"   formnovalidate=\"formnovalidate\">Envoyer<\/button>\r\n\r\n<\/div><\/div>\n<\/fieldset>\n<\/div>\n\n<p style=\"display: none !important;\" class=\"akismet-fields-container\" data-prefix=\"ak_\"><label>&#916;<textarea name=\"ak_hp_textarea\" cols=\"45\" rows=\"8\" maxlength=\"100\"><\/textarea><\/label><input type=\"hidden\" id=\"ak_js_1\" name=\"ak_js\" value=\"48\"\/><script>document.getElementById( \"ak_js_1\" ).setAttribute( \"value\", ( new Date() ).getTime() );<\/script><\/p><\/form>\n<\/div>\n<\/div>\n<\/div>\n","protected":false},"excerpt":{"rendered":"<p>Alexandre is a self-taught professional photographer and musician, immersed in an authentic and personal search for poetic atmospheres of the wilderness. The most important thing is the emotional connection that transports us to the heart of his subjects through the atmosphere that emanates from them. Always in search of inspiration, he invites us to share [&hellip;]<\/p>\n","protected":false},"author":1,"featured_media":0,"parent":0,"menu_order":0,"comment_status":"closed","ping_status":"closed","template":"","meta":{"_acf_changed":false,"footnotes":""},"class_list":["post-4596","page","type-page","status-publish","hentry"],"acf":[],"yoast_head":"<!-- This site is optimized with the Yoast SEO plugin v27.1.1 - https:\/\/yoast.com\/product\/yoast-seo-wordpress\/ -->\n<title>About &#8226; Alexandre Deschaumes<\/title>\n<meta name=\"robots\" content=\"index, follow, max-snippet:-1, max-image-preview:large, max-video-preview:-1\" \/>\n<link rel=\"canonical\" href=\"https:\/\/www.alexandredeschaumes.com\/en\/a-propos\/\" \/>\n<meta property=\"og:locale\" content=\"en_US\" \/>\n<meta property=\"og:type\" content=\"article\" \/>\n<meta property=\"og:title\" content=\"About &#8226; Alexandre Deschaumes\" \/>\n<meta property=\"og:description\" content=\"Alexandre is a self-taught professional photographer and musician, immersed in an authentic and personal search for poetic atmospheres of the wilderness. The most important thing is the emotional connection that transports us to the heart of his subjects through the atmosphere that emanates from them. Always in search of inspiration, he invites us to share [&hellip;]\" \/>\n<meta property=\"og:url\" content=\"https:\/\/www.alexandredeschaumes.com\/en\/a-propos\/\" \/>\n<meta property=\"og:site_name\" content=\"Alexandre Deschaumes\" \/>\n<meta property=\"article:modified_time\" content=\"2021-11-15T20:40:38+00:00\" \/>\n<meta name=\"twitter:card\" content=\"summary_large_image\" \/>\n<meta name=\"twitter:label1\" content=\"Est. reading time\" \/>\n\t<meta name=\"twitter:data1\" content=\"2 minutes\" \/>\n<script type=\"application\/ld+json\" class=\"yoast-schema-graph\">{\"@context\":\"https:\/\/schema.org\",\"@graph\":[{\"@type\":\"WebPage\",\"@id\":\"https:\/\/www.alexandredeschaumes.com\/en\/a-propos\/\",\"url\":\"https:\/\/www.alexandredeschaumes.com\/en\/a-propos\/\",\"name\":\"About &#8226; Alexandre Deschaumes\",\"isPartOf\":{\"@id\":\"https:\/\/www.alexandredeschaumes.com\/en\/#website\"},\"datePublished\":\"2019-11-05T13:54:30+00:00\",\"dateModified\":\"2021-11-15T20:40:38+00:00\",\"breadcrumb\":{\"@id\":\"https:\/\/www.alexandredeschaumes.com\/en\/a-propos\/#breadcrumb\"},\"inLanguage\":\"en-US\",\"potentialAction\":[{\"@type\":\"ReadAction\",\"target\":[\"https:\/\/www.alexandredeschaumes.com\/en\/a-propos\/\"]}]},{\"@type\":\"BreadcrumbList\",\"@id\":\"https:\/\/www.alexandredeschaumes.com\/en\/a-propos\/#breadcrumb\",\"itemListElement\":[{\"@type\":\"ListItem\",\"position\":1,\"name\":\"Accueil\",\"item\":\"https:\/\/www.alexandredeschaumes.com\/en\/\"},{\"@type\":\"ListItem\",\"position\":2,\"name\":\"About\"}]},{\"@type\":\"WebSite\",\"@id\":\"https:\/\/www.alexandredeschaumes.com\/en\/#website\",\"url\":\"https:\/\/www.alexandredeschaumes.com\/en\/\",\"name\":\"Alexandre Deschaumes\",\"description\":\"Voyage \u00c9th\u00e9r\u00e9\",\"publisher\":{\"@id\":\"https:\/\/www.alexandredeschaumes.com\/en\/#\/schema\/person\/3f2eb1dca0b06296625cf6271563acac\"},\"potentialAction\":[{\"@type\":\"SearchAction\",\"target\":{\"@type\":\"EntryPoint\",\"urlTemplate\":\"https:\/\/www.alexandredeschaumes.com\/en\/?s={search_term_string}\"},\"query-input\":{\"@type\":\"PropertyValueSpecification\",\"valueRequired\":true,\"valueName\":\"search_term_string\"}}],\"inLanguage\":\"en-US\"},{\"@type\":[\"Person\",\"Organization\"],\"@id\":\"https:\/\/www.alexandredeschaumes.com\/en\/#\/schema\/person\/3f2eb1dca0b06296625cf6271563acac\",\"name\":\"Alexandre Deschaumes\",\"image\":{\"@type\":\"ImageObject\",\"inLanguage\":\"en-US\",\"@id\":\"https:\/\/www.alexandredeschaumes.com\/en\/#\/schema\/person\/image\/\",\"url\":\"https:\/\/alexandredeschaumes.com\/wordpress\/wp-content\/uploads\/Avatar-AlexandreDeschaumes-Brown.jpg\",\"contentUrl\":\"https:\/\/alexandredeschaumes.com\/wordpress\/wp-content\/uploads\/Avatar-AlexandreDeschaumes-Brown.jpg\",\"width\":1200,\"height\":1200,\"caption\":\"Alexandre Deschaumes\"},\"logo\":{\"@id\":\"https:\/\/www.alexandredeschaumes.com\/en\/#\/schema\/person\/image\/\"}}]}<\/script>\n<!-- \/ Yoast SEO plugin. -->","yoast_head_json":{"title":"About &#8226; Alexandre Deschaumes","robots":{"index":"index","follow":"follow","max-snippet":"max-snippet:-1","max-image-preview":"max-image-preview:large","max-video-preview":"max-video-preview:-1"},"canonical":"https:\/\/www.alexandredeschaumes.com\/en\/a-propos\/","og_locale":"en_US","og_type":"article","og_title":"About &#8226; Alexandre Deschaumes","og_description":"Alexandre is a self-taught professional photographer and musician, immersed in an authentic and personal search for poetic atmospheres of the wilderness. The most important thing is the emotional connection that transports us to the heart of his subjects through the atmosphere that emanates from them. Always in search of inspiration, he invites us to share [&hellip;]","og_url":"https:\/\/www.alexandredeschaumes.com\/en\/a-propos\/","og_site_name":"Alexandre Deschaumes","article_modified_time":"2021-11-15T20:40:38+00:00","twitter_card":"summary_large_image","twitter_misc":{"Est. reading time":"2 minutes"},"schema":{"@context":"https:\/\/schema.org","@graph":[{"@type":"WebPage","@id":"https:\/\/www.alexandredeschaumes.com\/en\/a-propos\/","url":"https:\/\/www.alexandredeschaumes.com\/en\/a-propos\/","name":"About &#8226; Alexandre Deschaumes","isPartOf":{"@id":"https:\/\/www.alexandredeschaumes.com\/en\/#website"},"datePublished":"2019-11-05T13:54:30+00:00","dateModified":"2021-11-15T20:40:38+00:00","breadcrumb":{"@id":"https:\/\/www.alexandredeschaumes.com\/en\/a-propos\/#breadcrumb"},"inLanguage":"en-US","potentialAction":[{"@type":"ReadAction","target":["https:\/\/www.alexandredeschaumes.com\/en\/a-propos\/"]}]},{"@type":"BreadcrumbList","@id":"https:\/\/www.alexandredeschaumes.com\/en\/a-propos\/#breadcrumb","itemListElement":[{"@type":"ListItem","position":1,"name":"Accueil","item":"https:\/\/www.alexandredeschaumes.com\/en\/"},{"@type":"ListItem","position":2,"name":"About"}]},{"@type":"WebSite","@id":"https:\/\/www.alexandredeschaumes.com\/en\/#website","url":"https:\/\/www.alexandredeschaumes.com\/en\/","name":"Alexandre Deschaumes","description":"Voyage \u00c9th\u00e9r\u00e9","publisher":{"@id":"https:\/\/www.alexandredeschaumes.com\/en\/#\/schema\/person\/3f2eb1dca0b06296625cf6271563acac"},"potentialAction":[{"@type":"SearchAction","target":{"@type":"EntryPoint","urlTemplate":"https:\/\/www.alexandredeschaumes.com\/en\/?s={search_term_string}"},"query-input":{"@type":"PropertyValueSpecification","valueRequired":true,"valueName":"search_term_string"}}],"inLanguage":"en-US"},{"@type":["Person","Organization"],"@id":"https:\/\/www.alexandredeschaumes.com\/en\/#\/schema\/person\/3f2eb1dca0b06296625cf6271563acac","name":"Alexandre Deschaumes","image":{"@type":"ImageObject","inLanguage":"en-US","@id":"https:\/\/www.alexandredeschaumes.com\/en\/#\/schema\/person\/image\/","url":"https:\/\/alexandredeschaumes.com\/wordpress\/wp-content\/uploads\/Avatar-AlexandreDeschaumes-Brown.jpg","contentUrl":"https:\/\/alexandredeschaumes.com\/wordpress\/wp-content\/uploads\/Avatar-AlexandreDeschaumes-Brown.jpg","width":1200,"height":1200,"caption":"Alexandre Deschaumes"},"logo":{"@id":"https:\/\/www.alexandredeschaumes.com\/en\/#\/schema\/person\/image\/"}}]}},"_links":{"self":[{"href":"https:\/\/www.alexandredeschaumes.com\/en\/wp-json\/wp\/v2\/pages\/4596","targetHints":{"allow":["GET"]}}],"collection":[{"href":"https:\/\/www.alexandredeschaumes.com\/en\/wp-json\/wp\/v2\/pages"}],"about":[{"href":"https:\/\/www.alexandredeschaumes.com\/en\/wp-json\/wp\/v2\/types\/page"}],"author":[{"embeddable":true,"href":"https:\/\/www.alexandredeschaumes.com\/en\/wp-json\/wp\/v2\/users\/1"}],"replies":[{"embeddable":true,"href":"https:\/\/www.alexandredeschaumes.com\/en\/wp-json\/wp\/v2\/comments?post=4596"}],"version-history":[{"count":2,"href":"https:\/\/www.alexandredeschaumes.com\/en\/wp-json\/wp\/v2\/pages\/4596\/revisions"}],"predecessor-version":[{"id":4600,"href":"https:\/\/www.alexandredeschaumes.com\/en\/wp-json\/wp\/v2\/pages\/4596\/revisions\/4600"}],"wp:attachment":[{"href":"https:\/\/www.alexandredeschaumes.com\/en\/wp-json\/wp\/v2\/media?parent=4596"}],"curies":[{"name":"wp","href":"https:\/\/api.w.org\/{rel}","templated":true}]}}