{"id":6254,"date":"2022-04-20T15:49:37","date_gmt":"2022-04-20T13:49:37","guid":{"rendered":"https:\/\/alexandredeschaumes.com\/?page_id=6254"},"modified":"2022-11-28T20:01:40","modified_gmt":"2022-11-28T19:01:40","slug":"clip-video","status":"publish","type":"page","link":"https:\/\/www.alexandredeschaumes.com\/en\/clip-video\/","title":{"rendered":"Clip Vid\u00e9o"},"content":{"rendered":"<hr class=\"taz_separator\" data-not-visible=\"1\" style=\"margin-top: 3rem; margin-bottom: 3rem;\">\n\n\n<ul class=\"wp-block-list\"><li>Musique : <a href=\"https:\/\/mayblossom.fr\/\" target=\"_blank\" rel=\"noreferrer noopener\">May Blossom<\/a><\/li><li>R\u00e9alisation - Montage - Images : Alexandre Deschaumes<\/li><li>2022<\/li><\/ul>\n\n\n\n<figure class=\"wp-block-video\"><video controls poster=\"https:\/\/alexandredeschaumes.com\/wordpress\/wp-content\/uploads\/vlc_2022-04-28_10-29-41.jpg\" preload=\"auto\" src=\"https:\/\/alexandredeschaumes.com\/wordpress\/wp-content\/uploads\/chronos.mp4\" playsinline><\/video><\/figure>\n\n\n<hr class=\"taz_separator\" data-not-visible=\"1\" style=\"margin-top: 3rem; margin-bottom: 3rem;\">\n\n\n<p class=\"has-text-align-center\">***<\/p>\n\n\n\n<ul class=\"wp-block-list\"><li>Musique : Thomas Lebas - Enregistr\u00e9 au studio Oreilles D\u00e9licates<\/li><li>R\u00e9alisation - Montage - Images : Alexandre Deschaumes<\/li><li>2022<\/li><\/ul>\n\n\n\n<figure class=\"wp-block-video\"><video controls poster=\"https:\/\/alexandredeschaumes.com\/wordpress\/wp-content\/uploads\/vlc_2022-11-25_16-11-51.jpg\" src=\"https:\/\/alexandredeschaumes.com\/wordpress\/wp-content\/uploads\/Clip_reverie_LebasThomas_V10_Low.mp4\"><\/video><\/figure>\n","protected":false},"excerpt":{"rendered":"<p>Musique : May Blossom R\u00e9alisation - Montage - Images : Alexandre Deschaumes 2022 *** Musique : Thomas Lebas - Enregistr\u00e9 au studio Oreilles D\u00e9licates R\u00e9alisation - Montage - Images : Alexandre Deschaumes 2022<\/p>\n","protected":false},"author":4,"featured_media":0,"parent":0,"menu_order":0,"comment_status":"closed","ping_status":"closed","template":"","meta":{"_acf_changed":false,"footnotes":""},"class_list":["post-6254","page","type-page","status-publish","hentry"],"acf":[],"yoast_head":"<!-- This site is optimized with the Yoast SEO plugin v27.1.1 - https:\/\/yoast.com\/product\/yoast-seo-wordpress\/ -->\n<title>Clip Vid\u00e9o &#8226; Alexandre Deschaumes<\/title>\n<meta name=\"robots\" content=\"index, follow, max-snippet:-1, max-image-preview:large, max-video-preview:-1\" \/>\n<link rel=\"canonical\" href=\"https:\/\/www.alexandredeschaumes.com\/en\/clip-video\/\" \/>\n<meta property=\"og:locale\" content=\"en_US\" \/>\n<meta property=\"og:type\" content=\"article\" \/>\n<meta property=\"og:title\" content=\"Clip Vid\u00e9o &#8226; Alexandre Deschaumes\" \/>\n<meta property=\"og:description\" content=\"Musique : May Blossom R\u00e9alisation - Montage - Images : Alexandre Deschaumes 2022 *** Musique : Thomas Lebas - Enregistr\u00e9 au studio Oreilles D\u00e9licates R\u00e9alisation - Montage - Images : Alexandre Deschaumes 2022\" \/>\n<meta property=\"og:url\" content=\"https:\/\/www.alexandredeschaumes.com\/en\/clip-video\/\" \/>\n<meta property=\"og:site_name\" content=\"Alexandre Deschaumes\" \/>\n<meta property=\"article:modified_time\" content=\"2022-11-28T19:01:40+00:00\" \/>\n<meta name=\"twitter:card\" content=\"summary_large_image\" \/>\n<meta name=\"twitter:label1\" content=\"Est. reading time\" \/>\n\t<meta name=\"twitter:data1\" content=\"1 minute\" \/>\n<script type=\"application\/ld+json\" class=\"yoast-schema-graph\">{\"@context\":\"https:\/\/schema.org\",\"@graph\":[{\"@type\":\"WebPage\",\"@id\":\"https:\/\/www.alexandredeschaumes.com\/en\/clip-video\/\",\"url\":\"https:\/\/www.alexandredeschaumes.com\/en\/clip-video\/\",\"name\":\"Clip Vid\u00e9o &#8226; Alexandre Deschaumes\",\"isPartOf\":{\"@id\":\"https:\/\/alexandredeschaumes.com\/en\/#website\"},\"datePublished\":\"2022-04-20T13:49:37+00:00\",\"dateModified\":\"2022-11-28T19:01:40+00:00\",\"breadcrumb\":{\"@id\":\"https:\/\/www.alexandredeschaumes.com\/en\/clip-video\/#breadcrumb\"},\"inLanguage\":\"en-US\",\"potentialAction\":[{\"@type\":\"ReadAction\",\"target\":[\"https:\/\/www.alexandredeschaumes.com\/en\/clip-video\/\"]}]},{\"@type\":\"BreadcrumbList\",\"@id\":\"https:\/\/www.alexandredeschaumes.com\/en\/clip-video\/#breadcrumb\",\"itemListElement\":[{\"@type\":\"ListItem\",\"position\":1,\"name\":\"Accueil\",\"item\":\"https:\/\/alexandredeschaumes.com\/en\/\"},{\"@type\":\"ListItem\",\"position\":2,\"name\":\"Clip Vid\u00e9o\"}]},{\"@type\":\"WebSite\",\"@id\":\"https:\/\/alexandredeschaumes.com\/en\/#website\",\"url\":\"https:\/\/alexandredeschaumes.com\/en\/\",\"name\":\"Alexandre Deschaumes\",\"description\":\"Voyage \u00c9th\u00e9r\u00e9\",\"publisher\":{\"@id\":\"https:\/\/alexandredeschaumes.com\/en\/#\/schema\/person\/3f2eb1dca0b06296625cf6271563acac\"},\"potentialAction\":[{\"@type\":\"SearchAction\",\"target\":{\"@type\":\"EntryPoint\",\"urlTemplate\":\"https:\/\/alexandredeschaumes.com\/en\/?s={search_term_string}\"},\"query-input\":{\"@type\":\"PropertyValueSpecification\",\"valueRequired\":true,\"valueName\":\"search_term_string\"}}],\"inLanguage\":\"en-US\"},{\"@type\":[\"Person\",\"Organization\"],\"@id\":\"https:\/\/alexandredeschaumes.com\/en\/#\/schema\/person\/3f2eb1dca0b06296625cf6271563acac\",\"name\":\"Alexandre Deschaumes\",\"image\":{\"@type\":\"ImageObject\",\"inLanguage\":\"en-US\",\"@id\":\"https:\/\/alexandredeschaumes.com\/en\/#\/schema\/person\/image\/\",\"url\":\"https:\/\/alexandredeschaumes.com\/wordpress\/wp-content\/uploads\/Avatar-AlexandreDeschaumes-Brown.jpg\",\"contentUrl\":\"https:\/\/alexandredeschaumes.com\/wordpress\/wp-content\/uploads\/Avatar-AlexandreDeschaumes-Brown.jpg\",\"width\":1200,\"height\":1200,\"caption\":\"Alexandre Deschaumes\"},\"logo\":{\"@id\":\"https:\/\/alexandredeschaumes.com\/en\/#\/schema\/person\/image\/\"}}]}<\/script>\n<!-- \/ Yoast SEO plugin. -->","yoast_head_json":{"title":"Clip Vid\u00e9o &#8226; Alexandre Deschaumes","robots":{"index":"index","follow":"follow","max-snippet":"max-snippet:-1","max-image-preview":"max-image-preview:large","max-video-preview":"max-video-preview:-1"},"canonical":"https:\/\/www.alexandredeschaumes.com\/en\/clip-video\/","og_locale":"en_US","og_type":"article","og_title":"Clip Vid\u00e9o &#8226; Alexandre Deschaumes","og_description":"Musique : May Blossom R\u00e9alisation - Montage - Images : Alexandre Deschaumes 2022 *** Musique : Thomas Lebas - Enregistr\u00e9 au studio Oreilles D\u00e9licates R\u00e9alisation - Montage - Images : Alexandre Deschaumes 2022","og_url":"https:\/\/www.alexandredeschaumes.com\/en\/clip-video\/","og_site_name":"Alexandre Deschaumes","article_modified_time":"2022-11-28T19:01:40+00:00","twitter_card":"summary_large_image","twitter_misc":{"Est. reading time":"1 minute"},"schema":{"@context":"https:\/\/schema.org","@graph":[{"@type":"WebPage","@id":"https:\/\/www.alexandredeschaumes.com\/en\/clip-video\/","url":"https:\/\/www.alexandredeschaumes.com\/en\/clip-video\/","name":"Clip Vid\u00e9o &#8226; Alexandre Deschaumes","isPartOf":{"@id":"https:\/\/alexandredeschaumes.com\/en\/#website"},"datePublished":"2022-04-20T13:49:37+00:00","dateModified":"2022-11-28T19:01:40+00:00","breadcrumb":{"@id":"https:\/\/www.alexandredeschaumes.com\/en\/clip-video\/#breadcrumb"},"inLanguage":"en-US","potentialAction":[{"@type":"ReadAction","target":["https:\/\/www.alexandredeschaumes.com\/en\/clip-video\/"]}]},{"@type":"BreadcrumbList","@id":"https:\/\/www.alexandredeschaumes.com\/en\/clip-video\/#breadcrumb","itemListElement":[{"@type":"ListItem","position":1,"name":"Accueil","item":"https:\/\/alexandredeschaumes.com\/en\/"},{"@type":"ListItem","position":2,"name":"Clip Vid\u00e9o"}]},{"@type":"WebSite","@id":"https:\/\/alexandredeschaumes.com\/en\/#website","url":"https:\/\/alexandredeschaumes.com\/en\/","name":"Alexandre Deschaumes","description":"Voyage \u00c9th\u00e9r\u00e9","publisher":{"@id":"https:\/\/alexandredeschaumes.com\/en\/#\/schema\/person\/3f2eb1dca0b06296625cf6271563acac"},"potentialAction":[{"@type":"SearchAction","target":{"@type":"EntryPoint","urlTemplate":"https:\/\/alexandredeschaumes.com\/en\/?s={search_term_string}"},"query-input":{"@type":"PropertyValueSpecification","valueRequired":true,"valueName":"search_term_string"}}],"inLanguage":"en-US"},{"@type":["Person","Organization"],"@id":"https:\/\/alexandredeschaumes.com\/en\/#\/schema\/person\/3f2eb1dca0b06296625cf6271563acac","name":"Alexandre Deschaumes","image":{"@type":"ImageObject","inLanguage":"en-US","@id":"https:\/\/alexandredeschaumes.com\/en\/#\/schema\/person\/image\/","url":"https:\/\/alexandredeschaumes.com\/wordpress\/wp-content\/uploads\/Avatar-AlexandreDeschaumes-Brown.jpg","contentUrl":"https:\/\/alexandredeschaumes.com\/wordpress\/wp-content\/uploads\/Avatar-AlexandreDeschaumes-Brown.jpg","width":1200,"height":1200,"caption":"Alexandre Deschaumes"},"logo":{"@id":"https:\/\/alexandredeschaumes.com\/en\/#\/schema\/person\/image\/"}}]}},"_links":{"self":[{"href":"https:\/\/www.alexandredeschaumes.com\/en\/wp-json\/wp\/v2\/pages\/6254","targetHints":{"allow":["GET"]}}],"collection":[{"href":"https:\/\/www.alexandredeschaumes.com\/en\/wp-json\/wp\/v2\/pages"}],"about":[{"href":"https:\/\/www.alexandredeschaumes.com\/en\/wp-json\/wp\/v2\/types\/page"}],"author":[{"embeddable":true,"href":"https:\/\/www.alexandredeschaumes.com\/en\/wp-json\/wp\/v2\/users\/4"}],"replies":[{"embeddable":true,"href":"https:\/\/www.alexandredeschaumes.com\/en\/wp-json\/wp\/v2\/comments?post=6254"}],"version-history":[{"count":20,"href":"https:\/\/www.alexandredeschaumes.com\/en\/wp-json\/wp\/v2\/pages\/6254\/revisions"}],"predecessor-version":[{"id":6673,"href":"https:\/\/www.alexandredeschaumes.com\/en\/wp-json\/wp\/v2\/pages\/6254\/revisions\/6673"}],"wp:attachment":[{"href":"https:\/\/www.alexandredeschaumes.com\/en\/wp-json\/wp\/v2\/media?parent=6254"}],"curies":[{"name":"wp","href":"https:\/\/api.w.org\/{rel}","templated":true}]}}